{"id":1573,"date":"2022-07-15T16:45:11","date_gmt":"2022-07-15T09:45:11","guid":{"rendered":"http:\/\/ytetamchau.com\/trang-chu\/"},"modified":"2025-06-04T08:25:21","modified_gmt":"2025-06-04T01:25:21","slug":"trang-chu","status":"publish","type":"page","link":"https:\/\/ytetamchau.com\/en\/","title":{"rendered":"Home"},"content":{"rendered":"","protected":false},"excerpt":{"rendered":"","protected":false},"author":2,"featured_media":3298,"parent":0,"menu_order":0,"comment_status":"closed","ping_status":"closed","template":"page-template\/home-template.php","meta":{"inline_featured_image":false,"footnotes":""},"class_list":["post-1573","page","type-page","status-publish","has-post-thumbnail","hentry"],"acf":[],"yoast_head":"<!-- This site is optimized with the Yoast SEO plugin v19.3 - https:\/\/yoast.com\/wordpress\/plugins\/seo\/ -->\n<title>Home | YTeTamChau<\/title>\n<meta name=\"robots\" content=\"index, follow, max-snippet:-1, max-image-preview:large, max-video-preview:-1\" \/>\n<link rel=\"canonical\" href=\"https:\/\/ytetamchau.com\/en\/\" \/>\n<meta property=\"og:locale\" content=\"en_US\" \/>\n<meta property=\"og:type\" content=\"article\" \/>\n<meta property=\"og:title\" content=\"C\u00f4ng ty TNHH Trang Thi\u1ebft B\u1ecb Y T\u1ebf Tam Ch\u00e2u\" \/>\n<meta property=\"og:description\" content=\"S\u1ef1 ti\u1ebfn b\u1ed9 c\u1ee7a khoa h\u1ecdc k\u0129 thu\u1eadt v\u00e0 c\u00f4ng ngh\u1ec7 hi\u1ec7n \u0111\u1ea1i \u0111\u00e3 v\u00e0 \u0111ang mang l\u1ea1i cho con ng\u01b0\u1eddi nh\u1eefng th\u00e0nh t\u1ef1u v\u00f4 c\u00f9ng l\u1edbn lao. Trong s\u1ed1 \u0111\u00f3 y t\u1ebf l\u00e0 m\u1ed9t trong nh\u1eefng l\u0129nh v\u1ef1c \u0111\u01b0\u1ee3c \u01b0u ti\u00ean h\u00e0ng \u0111\u1ea7u ...\" \/>\n<meta property=\"og:url\" content=\"https:\/\/ytetamchau.com\/en\/\" \/>\n<meta property=\"og:site_name\" content=\"YTeTamChau\" \/>\n<meta property=\"article:modified_time\" content=\"2025-06-04T01:25:21+00:00\" \/>\n<meta property=\"og:image\" content=\"https:\/\/ytetamchau.com\/wp-content\/uploads\/2022\/07\/about-img-1.png\" \/>\n\t<meta property=\"og:image:width\" content=\"849\" \/>\n\t<meta property=\"og:image:height\" content=\"497\" \/>\n\t<meta property=\"og:image:type\" content=\"image\/png\" \/>\n<meta name=\"twitter:card\" content=\"summary_large_image\" \/>\n<script type=\"application\/ld+json\" class=\"yoast-schema-graph\">{\"@context\":\"https:\/\/schema.org\",\"@graph\":[{\"@type\":\"Organization\",\"@id\":\"https:\/\/ytetamchau.com\/#organization\",\"name\":\"C\u00f4ng ty TNHH Trang Thi\u1ebft B\u1ecb Y T\u1ebf Tam Ch\u00e2u\",\"url\":\"https:\/\/ytetamchau.com\/\",\"sameAs\":[],\"logo\":{\"@type\":\"ImageObject\",\"inLanguage\":\"en-US\",\"@id\":\"https:\/\/ytetamchau.com\/#\/schema\/logo\/image\/\",\"url\":\"http:\/\/ytetamchau.com\/wp-content\/uploads\/2023\/02\/Logo-Tam-Chau.png\",\"contentUrl\":\"http:\/\/ytetamchau.com\/wp-content\/uploads\/2023\/02\/Logo-Tam-Chau.png\",\"width\":310,\"height\":434,\"caption\":\"C\u00f4ng ty TNHH Trang Thi\u1ebft B\u1ecb Y T\u1ebf Tam Ch\u00e2u\"},\"image\":{\"@id\":\"https:\/\/ytetamchau.com\/#\/schema\/logo\/image\/\"}},{\"@type\":\"WebSite\",\"@id\":\"https:\/\/ytetamchau.com\/#website\",\"url\":\"https:\/\/ytetamchau.com\/\",\"name\":\"YTeTamChau\",\"description\":\"\",\"publisher\":{\"@id\":\"https:\/\/ytetamchau.com\/#organization\"},\"potentialAction\":[{\"@type\":\"SearchAction\",\"target\":{\"@type\":\"EntryPoint\",\"urlTemplate\":\"https:\/\/ytetamchau.com\/?s={search_term_string}\"},\"query-input\":\"required name=search_term_string\"}],\"inLanguage\":\"en-US\"},{\"@type\":\"ImageObject\",\"inLanguage\":\"en-US\",\"@id\":\"https:\/\/ytetamchau.com\/en\/#primaryimage\",\"url\":\"https:\/\/ytetamchau.com\/wp-content\/uploads\/2023\/06\/Hinh-dai-dien-cong-bo-ABCD.jpg\",\"contentUrl\":\"https:\/\/ytetamchau.com\/wp-content\/uploads\/2023\/06\/Hinh-dai-dien-cong-bo-ABCD.jpg\",\"width\":847,\"height\":565},{\"@type\":\"WebPage\",\"@id\":\"https:\/\/ytetamchau.com\/en\/\",\"url\":\"https:\/\/ytetamchau.com\/en\/\",\"name\":\"Home | YTeTamChau\",\"isPartOf\":{\"@id\":\"https:\/\/ytetamchau.com\/#website\"},\"primaryImageOfPage\":{\"@id\":\"https:\/\/ytetamchau.com\/en\/#primaryimage\"},\"datePublished\":\"2022-07-15T09:45:11+00:00\",\"dateModified\":\"2025-06-04T01:25:21+00:00\",\"breadcrumb\":{\"@id\":\"https:\/\/ytetamchau.com\/en\/#breadcrumb\"},\"inLanguage\":\"en-US\",\"potentialAction\":[{\"@type\":\"ReadAction\",\"target\":[\"https:\/\/ytetamchau.com\/en\/\"]}]},{\"@type\":\"BreadcrumbList\",\"@id\":\"https:\/\/ytetamchau.com\/en\/#breadcrumb\",\"itemListElement\":[{\"@type\":\"ListItem\",\"position\":1,\"name\":\"Trang ch\u1ee7\",\"item\":\"https:\/\/ytetamchau.com\/en\/\"},{\"@type\":\"ListItem\",\"position\":2,\"name\":\"Home\"}]}]}<\/script>\n<!-- \/ Yoast SEO plugin. -->","yoast_head_json":{"title":"Home | YTeTamChau","robots":{"index":"index","follow":"follow","max-snippet":"max-snippet:-1","max-image-preview":"max-image-preview:large","max-video-preview":"max-video-preview:-1"},"canonical":"https:\/\/ytetamchau.com\/en\/","og_locale":"en_US","og_type":"article","og_title":"C\u00f4ng ty TNHH Trang Thi\u1ebft B\u1ecb Y T\u1ebf Tam Ch\u00e2u","og_description":"S\u1ef1 ti\u1ebfn b\u1ed9 c\u1ee7a khoa h\u1ecdc k\u0129 thu\u1eadt v\u00e0 c\u00f4ng ngh\u1ec7 hi\u1ec7n \u0111\u1ea1i \u0111\u00e3 v\u00e0 \u0111ang mang l\u1ea1i cho con ng\u01b0\u1eddi nh\u1eefng th\u00e0nh t\u1ef1u v\u00f4 c\u00f9ng l\u1edbn lao. Trong s\u1ed1 \u0111\u00f3 y t\u1ebf l\u00e0 m\u1ed9t trong nh\u1eefng l\u0129nh v\u1ef1c \u0111\u01b0\u1ee3c \u01b0u ti\u00ean h\u00e0ng \u0111\u1ea7u ...","og_url":"https:\/\/ytetamchau.com\/en\/","og_site_name":"YTeTamChau","article_modified_time":"2025-06-04T01:25:21+00:00","og_image":[{"width":849,"height":497,"url":"https:\/\/ytetamchau.com\/wp-content\/uploads\/2022\/07\/about-img-1.png","type":"image\/png"}],"twitter_card":"summary_large_image","schema":{"@context":"https:\/\/schema.org","@graph":[{"@type":"Organization","@id":"https:\/\/ytetamchau.com\/#organization","name":"C\u00f4ng ty TNHH Trang Thi\u1ebft B\u1ecb Y T\u1ebf Tam Ch\u00e2u","url":"https:\/\/ytetamchau.com\/","sameAs":[],"logo":{"@type":"ImageObject","inLanguage":"en-US","@id":"https:\/\/ytetamchau.com\/#\/schema\/logo\/image\/","url":"http:\/\/ytetamchau.com\/wp-content\/uploads\/2023\/02\/Logo-Tam-Chau.png","contentUrl":"http:\/\/ytetamchau.com\/wp-content\/uploads\/2023\/02\/Logo-Tam-Chau.png","width":310,"height":434,"caption":"C\u00f4ng ty TNHH Trang Thi\u1ebft B\u1ecb Y T\u1ebf Tam Ch\u00e2u"},"image":{"@id":"https:\/\/ytetamchau.com\/#\/schema\/logo\/image\/"}},{"@type":"WebSite","@id":"https:\/\/ytetamchau.com\/#website","url":"https:\/\/ytetamchau.com\/","name":"YTeTamChau","description":"","publisher":{"@id":"https:\/\/ytetamchau.com\/#organization"},"potentialAction":[{"@type":"SearchAction","target":{"@type":"EntryPoint","urlTemplate":"https:\/\/ytetamchau.com\/?s={search_term_string}"},"query-input":"required name=search_term_string"}],"inLanguage":"en-US"},{"@type":"ImageObject","inLanguage":"en-US","@id":"https:\/\/ytetamchau.com\/en\/#primaryimage","url":"https:\/\/ytetamchau.com\/wp-content\/uploads\/2023\/06\/Hinh-dai-dien-cong-bo-ABCD.jpg","contentUrl":"https:\/\/ytetamchau.com\/wp-content\/uploads\/2023\/06\/Hinh-dai-dien-cong-bo-ABCD.jpg","width":847,"height":565},{"@type":"WebPage","@id":"https:\/\/ytetamchau.com\/en\/","url":"https:\/\/ytetamchau.com\/en\/","name":"Home | YTeTamChau","isPartOf":{"@id":"https:\/\/ytetamchau.com\/#website"},"primaryImageOfPage":{"@id":"https:\/\/ytetamchau.com\/en\/#primaryimage"},"datePublished":"2022-07-15T09:45:11+00:00","dateModified":"2025-06-04T01:25:21+00:00","breadcrumb":{"@id":"https:\/\/ytetamchau.com\/en\/#breadcrumb"},"inLanguage":"en-US","potentialAction":[{"@type":"ReadAction","target":["https:\/\/ytetamchau.com\/en\/"]}]},{"@type":"BreadcrumbList","@id":"https:\/\/ytetamchau.com\/en\/#breadcrumb","itemListElement":[{"@type":"ListItem","position":1,"name":"Trang ch\u1ee7","item":"https:\/\/ytetamchau.com\/en\/"},{"@type":"ListItem","position":2,"name":"Home"}]}]}},"_links":{"self":[{"href":"https:\/\/ytetamchau.com\/en\/wp-json\/wp\/v2\/pages\/1573","targetHints":{"allow":["GET"]}}],"collection":[{"href":"https:\/\/ytetamchau.com\/en\/wp-json\/wp\/v2\/pages"}],"about":[{"href":"https:\/\/ytetamchau.com\/en\/wp-json\/wp\/v2\/types\/page"}],"author":[{"embeddable":true,"href":"https:\/\/ytetamchau.com\/en\/wp-json\/wp\/v2\/users\/2"}],"replies":[{"embeddable":true,"href":"https:\/\/ytetamchau.com\/en\/wp-json\/wp\/v2\/comments?post=1573"}],"version-history":[{"count":53,"href":"https:\/\/ytetamchau.com\/en\/wp-json\/wp\/v2\/pages\/1573\/revisions"}],"predecessor-version":[{"id":4923,"href":"https:\/\/ytetamchau.com\/en\/wp-json\/wp\/v2\/pages\/1573\/revisions\/4923"}],"wp:featuredmedia":[{"embeddable":true,"href":"https:\/\/ytetamchau.com\/en\/wp-json\/wp\/v2\/media\/3298"}],"wp:attachment":[{"href":"https:\/\/ytetamchau.com\/en\/wp-json\/wp\/v2\/media?parent=1573"}],"curies":[{"name":"wp","href":"https:\/\/api.w.org\/{rel}","templated":true}]}}